{"id":892,"date":"2022-03-11T09:33:36","date_gmt":"2022-03-11T08:33:36","guid":{"rendered":"https:\/\/www.biogas-bogis.de\/cms\/?page_id=892"},"modified":"2022-03-11T10:03:46","modified_gmt":"2022-03-11T09:03:46","slug":"supportbogis","status":"publish","type":"page","link":"https:\/\/www.biogas-bogis.de\/cms\/?page_id=892","title":{"rendered":"SupportBogis"},"content":{"rendered":"\t\t<div data-elementor-type=\"wp-post\" data-elementor-id=\"892\" class=\"elementor elementor-892\">\n\t\t\t\t\t\t<section class=\"elementor-section elementor-top-section elementor-element elementor-element-286ff79 elementor-section-boxed elementor-section-height-default elementor-section-height-default\" data-id=\"286ff79\" data-element_type=\"section\" data-e-type=\"section\">\n\t\t\t\t\t\t<div class=\"elementor-container elementor-column-gap-default\">\n\t\t\t\t\t<div class=\"elementor-column elementor-col-100 elementor-top-column elementor-element elementor-element-c012302\" data-id=\"c012302\" data-element_type=\"column\" data-e-type=\"column\">\n\t\t\t<div class=\"elementor-widget-wrap elementor-element-populated\">\n\t\t\t\t\t\t<div class=\"elementor-element elementor-element-b9982aa elementor-widget elementor-widget-spacer\" data-id=\"b9982aa\" data-element_type=\"widget\" data-e-type=\"widget\" data-widget_type=\"spacer.default\">\n\t\t\t\t<div class=\"elementor-widget-container\">\n\t\t\t\t\t\t\t<div class=\"elementor-spacer\">\n\t\t\t<div class=\"elementor-spacer-inner\"><\/div>\n\t\t<\/div>\n\t\t\t\t\t\t<\/div>\n\t\t\t\t<\/div>\n\t\t\t\t\t<\/div>\n\t\t<\/div>\n\t\t\t\t\t<\/div>\n\t\t<\/section>\n\t\t\t\t<section class=\"elementor-section elementor-top-section elementor-element elementor-element-5e969ac elementor-section-boxed elementor-section-height-default elementor-section-height-default\" data-id=\"5e969ac\" data-element_type=\"section\" data-e-type=\"section\">\n\t\t\t\t\t\t<div class=\"elementor-container elementor-column-gap-default\">\n\t\t\t\t\t<div class=\"elementor-column elementor-col-33 elementor-top-column elementor-element elementor-element-04ce8f2\" data-id=\"04ce8f2\" data-element_type=\"column\" data-e-type=\"column\">\n\t\t\t<div class=\"elementor-widget-wrap elementor-element-populated\">\n\t\t\t\t\t\t<div class=\"elementor-element elementor-element-b176c91 elementor-widget-divider--view-line elementor-widget elementor-widget-divider\" data-id=\"b176c91\" data-element_type=\"widget\" data-e-type=\"widget\" data-widget_type=\"divider.default\">\n\t\t\t\t<div class=\"elementor-widget-container\">\n\t\t\t\t\t\t\t<div class=\"elementor-divider\">\n\t\t\t<span class=\"elementor-divider-separator\">\n\t\t\t\t\t\t<\/span>\n\t\t<\/div>\n\t\t\t\t\t\t<\/div>\n\t\t\t\t<\/div>\n\t\t\t\t\t<\/div>\n\t\t<\/div>\n\t\t\t\t<div class=\"elementor-column elementor-col-33 elementor-top-column elementor-element elementor-element-557261d\" data-id=\"557261d\" data-element_type=\"column\" data-e-type=\"column\">\n\t\t\t<div class=\"elementor-widget-wrap elementor-element-populated\">\n\t\t\t\t\t\t<div class=\"elementor-element elementor-element-66c1f4a elementor-widget elementor-widget-heading\" data-id=\"66c1f4a\" data-element_type=\"widget\" data-e-type=\"widget\" data-widget_type=\"heading.default\">\n\t\t\t\t<div class=\"elementor-widget-container\">\n\t\t\t\t\t<h2 class=\"elementor-heading-title elementor-size-default\">Support<\/h2>\t\t\t\t<\/div>\n\t\t\t\t<\/div>\n\t\t\t\t\t<\/div>\n\t\t<\/div>\n\t\t\t\t<div class=\"elementor-column elementor-col-33 elementor-top-column elementor-element elementor-element-6bcc067\" data-id=\"6bcc067\" data-element_type=\"column\" data-e-type=\"column\">\n\t\t\t<div class=\"elementor-widget-wrap elementor-element-populated\">\n\t\t\t\t\t\t<div class=\"elementor-element elementor-element-c094562 elementor-widget-divider--view-line elementor-widget elementor-widget-divider\" data-id=\"c094562\" data-element_type=\"widget\" data-e-type=\"widget\" data-widget_type=\"divider.default\">\n\t\t\t\t<div class=\"elementor-widget-container\">\n\t\t\t\t\t\t\t<div class=\"elementor-divider\">\n\t\t\t<span class=\"elementor-divider-separator\">\n\t\t\t\t\t\t<\/span>\n\t\t<\/div>\n\t\t\t\t\t\t<\/div>\n\t\t\t\t<\/div>\n\t\t\t\t\t<\/div>\n\t\t<\/div>\n\t\t\t\t\t<\/div>\n\t\t<\/section>\n\t\t\t\t<section class=\"elementor-section elementor-top-section elementor-element elementor-element-ac932f7 elementor-hidden-phone elementor-section-boxed elementor-section-height-default elementor-section-height-default\" data-id=\"ac932f7\" data-element_type=\"section\" data-e-type=\"section\">\n\t\t\t\t\t\t<div class=\"elementor-container elementor-column-gap-default\">\n\t\t\t\t\t<div class=\"elementor-column elementor-col-100 elementor-top-column elementor-element elementor-element-d638a94\" data-id=\"d638a94\" data-element_type=\"column\" data-e-type=\"column\">\n\t\t\t<div class=\"elementor-widget-wrap elementor-element-populated\">\n\t\t\t\t\t\t<div class=\"elementor-element elementor-element-6b725a2 elementor-widget elementor-widget-spacer\" data-id=\"6b725a2\" data-element_type=\"widget\" data-e-type=\"widget\" data-widget_type=\"spacer.default\">\n\t\t\t\t<div class=\"elementor-widget-container\">\n\t\t\t\t\t\t\t<div class=\"elementor-spacer\">\n\t\t\t<div class=\"elementor-spacer-inner\"><\/div>\n\t\t<\/div>\n\t\t\t\t\t\t<\/div>\n\t\t\t\t<\/div>\n\t\t\t\t\t<\/div>\n\t\t<\/div>\n\t\t\t\t\t<\/div>\n\t\t<\/section>\n\t\t\t\t<section class=\"elementor-section elementor-top-section elementor-element elementor-element-07b095c elementor-section-boxed elementor-section-height-default elementor-section-height-default\" data-id=\"07b095c\" data-element_type=\"section\" data-e-type=\"section\">\n\t\t\t\t\t\t<div class=\"elementor-container elementor-column-gap-default\">\n\t\t\t\t\t<div class=\"elementor-column elementor-col-33 elementor-top-column elementor-element elementor-element-efca081\" data-id=\"efca081\" data-element_type=\"column\" data-e-type=\"column\">\n\t\t\t<div class=\"elementor-widget-wrap elementor-element-populated\">\n\t\t\t\t\t\t<div class=\"elementor-element elementor-element-55f8d94 elementor-widget elementor-widget-image\" data-id=\"55f8d94\" data-element_type=\"widget\" data-e-type=\"widget\" data-widget_type=\"image.default\">\n\t\t\t\t<div class=\"elementor-widget-container\">\n\t\t\t\t\t\t\t\t\t\t\t\t\t\t\t<img fetchpriority=\"high\" decoding=\"async\" width=\"380\" height=\"256\" src=\"https:\/\/www.biogas-bogis.de\/cms\/wp-content\/uploads\/2022\/03\/Telefongruen.png\" class=\"attachment-large size-large wp-image-894\" alt=\"\" srcset=\"https:\/\/www.biogas-bogis.de\/cms\/wp-content\/uploads\/2022\/03\/Telefongruen.png 380w, https:\/\/www.biogas-bogis.de\/cms\/wp-content\/uploads\/2022\/03\/Telefongruen-300x202.png 300w\" sizes=\"(max-width: 380px) 100vw, 380px\" \/>\t\t\t\t\t\t\t\t\t\t\t\t\t\t\t<\/div>\n\t\t\t\t<\/div>\n\t\t\t\t<div class=\"elementor-element elementor-element-4397898 eael-infobox-content-align--center elementor-widget elementor-widget-eael-info-box\" data-id=\"4397898\" data-element_type=\"widget\" data-e-type=\"widget\" data-widget_type=\"eael-info-box.default\">\n\t\t\t\t<div class=\"elementor-widget-container\">\n\t\t\t\t\t        <div class=\"eael-infobox icon-on-top\">\n\t            <div class=\"infobox-content\">\n                    <div class=\"infobox-title-section\">\n                <h2 class=\"title\">Telefon-Support<\/h2>            <\/div>\n            <div><div class=\"n2-ss-layer n2-ow\"><div class=\"n2-ss-item-content n2-ow\"><div class=\"n2-ow n2-ow-all n2-ss-desktop n2-ss-mobile n2-ss-tablet\"><p class=\"n2-font-7c82d540fe2855e8473719bb024168dc-paragraph n2-ow\"><strong><span style=\"color: 0075a7\">+49 4402 \/ 98201 &#8211; 40<\/span><\/strong><\/p><\/div><\/div><\/div><div class=\"n2-ss-layer n2-ow\"><div class=\"n2-ss-item-content n2-ow\"><div class=\"n2-ow n2-ow-all n2-ss-desktop n2-ss-mobile n2-ss-tablet\"><p class=\"n2-font-d2e9df70ee6d7837c7982c9c9fee1d97-paragraph n2-ow\">W\u00e4hrend unserer Gesch\u00e4ftszeiten k\u00f6nnen Sie sich auch jederzeit telefonisch an uns wenden!<\/p><\/div><\/div><\/div><\/div>        <\/div>\n            <\/div>\n\n\t\t\t\t\t\t<\/div>\n\t\t\t\t<\/div>\n\t\t\t\t\t<\/div>\n\t\t<\/div>\n\t\t\t\t<div class=\"elementor-column elementor-col-33 elementor-top-column elementor-element elementor-element-4af0194\" data-id=\"4af0194\" data-element_type=\"column\" data-e-type=\"column\">\n\t\t\t<div class=\"elementor-widget-wrap elementor-element-populated\">\n\t\t\t\t\t\t<div class=\"elementor-element elementor-element-b12c4ae elementor-widget elementor-widget-image\" data-id=\"b12c4ae\" data-element_type=\"widget\" data-e-type=\"widget\" data-widget_type=\"image.default\">\n\t\t\t\t<div class=\"elementor-widget-container\">\n\t\t\t\t\t\t\t\t\t\t\t\t\t\t\t<img decoding=\"async\" width=\"878\" height=\"597\" src=\"https:\/\/www.biogas-bogis.de\/cms\/wp-content\/uploads\/2022\/03\/mailgruen.jpg\" class=\"attachment-large size-large wp-image-895\" alt=\"\" srcset=\"https:\/\/www.biogas-bogis.de\/cms\/wp-content\/uploads\/2022\/03\/mailgruen.jpg 878w, https:\/\/www.biogas-bogis.de\/cms\/wp-content\/uploads\/2022\/03\/mailgruen-300x204.jpg 300w, https:\/\/www.biogas-bogis.de\/cms\/wp-content\/uploads\/2022\/03\/mailgruen-768x522.jpg 768w\" sizes=\"(max-width: 878px) 100vw, 878px\" \/>\t\t\t\t\t\t\t\t\t\t\t\t\t\t\t<\/div>\n\t\t\t\t<\/div>\n\t\t\t\t<div class=\"elementor-element elementor-element-e1c02ce eael-infobox-content-align--center elementor-widget elementor-widget-eael-info-box\" data-id=\"e1c02ce\" data-element_type=\"widget\" data-e-type=\"widget\" data-widget_type=\"eael-info-box.default\">\n\t\t\t\t<div class=\"elementor-widget-container\">\n\t\t\t\t\t        <div class=\"eael-infobox icon-on-top\">\n\t            <div class=\"infobox-content\">\n                    <div class=\"infobox-title-section\">\n                <h2 class=\"title\">Ticketsystem<\/h2>            <\/div>\n            <div><div class=\"n2-ss-layer n2-ow\"><div class=\"n2-ss-item-content n2-ow\"><div class=\"n2-ow n2-ow-all n2-ss-desktop n2-ss-mobile n2-ss-tablet\"><p class=\"n2-font-8b4d04ead4171d18c3f73716bfff68af-paragraph n2-ow\"><strong><a href=\"mailto:support@bt-it.de\"><span style=\"color: 0075a7\">support@bt-it.de<\/span><\/a><\/strong><\/p><\/div><\/div><\/div><div class=\"n2-ss-layer n2-ow\"><div class=\"n2-ss-item-content n2-ow\"><div class=\"n2-ow n2-ow-all n2-ss-desktop n2-ss-mobile n2-ss-tablet\"><p class=\"n2-font-d2e9df70ee6d7837c7982c9c9fee1d97-paragraph n2-ow\">Wenden Sie sich jederzeit einfach und schnell \u00fcber unser Ticketsystem an die Supportabteilung.<\/p><\/div><\/div><\/div><\/div>        <\/div>\n            <\/div>\n\n\t\t\t\t\t\t<\/div>\n\t\t\t\t<\/div>\n\t\t\t\t\t<\/div>\n\t\t<\/div>\n\t\t\t\t<div class=\"elementor-column elementor-col-33 elementor-top-column elementor-element elementor-element-27bfe90\" data-id=\"27bfe90\" data-element_type=\"column\" data-e-type=\"column\">\n\t\t\t<div class=\"elementor-widget-wrap elementor-element-populated\">\n\t\t\t\t\t\t<div class=\"elementor-element elementor-element-c7e3472 elementor-widget elementor-widget-image\" data-id=\"c7e3472\" data-element_type=\"widget\" data-e-type=\"widget\" data-settings=\"{&quot;_animation&quot;:&quot;none&quot;}\" data-widget_type=\"image.default\">\n\t\t\t\t<div class=\"elementor-widget-container\">\n\t\t\t\t\t\t\t\t\t\t\t\t\t\t\t<img decoding=\"async\" width=\"377\" height=\"260\" src=\"https:\/\/www.biogas-bogis.de\/cms\/wp-content\/uploads\/2022\/03\/supportweltgruen.png\" class=\"attachment-large size-large wp-image-896\" alt=\"\" srcset=\"https:\/\/www.biogas-bogis.de\/cms\/wp-content\/uploads\/2022\/03\/supportweltgruen.png 377w, https:\/\/www.biogas-bogis.de\/cms\/wp-content\/uploads\/2022\/03\/supportweltgruen-300x207.png 300w\" sizes=\"(max-width: 377px) 100vw, 377px\" \/>\t\t\t\t\t\t\t\t\t\t\t\t\t\t\t<\/div>\n\t\t\t\t<\/div>\n\t\t\t\t<div class=\"elementor-element elementor-element-cdd43cf eael-infobox-content-align--center elementor-widget elementor-widget-eael-info-box\" data-id=\"cdd43cf\" data-element_type=\"widget\" data-e-type=\"widget\" data-widget_type=\"eael-info-box.default\">\n\t\t\t\t<div class=\"elementor-widget-container\">\n\t\t\t\t\t        <div class=\"eael-infobox icon-on-top\">\n\t            <div class=\"infobox-content\">\n                    <div class=\"infobox-title-section\">\n                <h2 class=\"title\">Fernwartung<\/h2>            <\/div>\n            <div><div class=\"n2-ss-layer n2-ow\"><div class=\"n2-ss-item-content n2-ow\"><div class=\"n2-ow n2-ow-all n2-ss-desktop\"><p class=\"n2-font-7c82d540fe2855e8473719bb024168dc-paragraph n2-ow\"><strong><a href=\"https:\/\/www.teamviewer.com\/de\/download\/windows\/\" target=\"_blank\" rel=\"noopener\"><span style=\"color: 0075a7\">Download TeamViewer<\/span><\/a><\/strong><\/p><\/div><\/div><\/div><div class=\"n2-ss-layer n2-ow\"><div class=\"n2-ss-item-content n2-ow\"><div class=\"n2-ow n2-ow-all n2-ss-desktop n2-ss-mobile n2-ss-tablet\"><p class=\"n2-font-d2e9df70ee6d7837c7982c9c9fee1d97-paragraph n2-ow\">Gerne unterst\u00fctzen wir Sie bei Ihren Problemen mit der kostenlosen Fernwartung TeamViewer.<\/p><\/div><\/div><\/div><\/div>        <\/div>\n            <\/div>\n\n\t\t\t\t\t\t<\/div>\n\t\t\t\t<\/div>\n\t\t\t\t\t<\/div>\n\t\t<\/div>\n\t\t\t\t\t<\/div>\n\t\t<\/section>\n\t\t\t\t<section class=\"elementor-section elementor-top-section elementor-element elementor-element-cfe9829 elementor-section-boxed elementor-section-height-default elementor-section-height-default\" data-id=\"cfe9829\" data-element_type=\"section\" data-e-type=\"section\">\n\t\t\t\t\t\t<div class=\"elementor-container elementor-column-gap-default\">\n\t\t\t\t\t<div class=\"elementor-column elementor-col-100 elementor-top-column elementor-element elementor-element-c7ad140\" data-id=\"c7ad140\" data-element_type=\"column\" data-e-type=\"column\">\n\t\t\t<div class=\"elementor-widget-wrap elementor-element-populated\">\n\t\t\t\t\t\t<div class=\"elementor-element elementor-element-67d02ed elementor-widget elementor-widget-spacer\" data-id=\"67d02ed\" data-element_type=\"widget\" data-e-type=\"widget\" data-widget_type=\"spacer.default\">\n\t\t\t\t<div class=\"elementor-widget-container\">\n\t\t\t\t\t\t\t<div class=\"elementor-spacer\">\n\t\t\t<div class=\"elementor-spacer-inner\"><\/div>\n\t\t<\/div>\n\t\t\t\t\t\t<\/div>\n\t\t\t\t<\/div>\n\t\t\t\t\t<\/div>\n\t\t<\/div>\n\t\t\t\t\t<\/div>\n\t\t<\/section>\n\t\t\t\t<\/div>\n\t\t","protected":false},"excerpt":{"rendered":"<p>Support Telefon-Support +49 4402 \/ 98201 &#8211; 40 W\u00e4hrend unserer Gesch\u00e4ftszeiten k\u00f6nnen Sie sich auch jederzeit telefonisch an uns wenden! Ticketsystem support@bt-it.de Wenden Sie sich jederzeit einfach und schnell \u00fcber unser Ticketsystem an die Supportabteilung. Fernwartung Download TeamViewer Gerne unterst\u00fctzen wir Sie bei Ihren Problemen mit der kostenlosen Fernwartung TeamViewer.<\/p>\n","protected":false},"author":6,"featured_media":0,"parent":0,"menu_order":0,"comment_status":"closed","ping_status":"closed","template":"","meta":{"site-sidebar-layout":"no-sidebar","site-content-layout":"page-builder","ast-site-content-layout":"default","site-content-style":"default","site-sidebar-style":"default","ast-global-header-display":"","ast-banner-title-visibility":"","ast-main-header-display":"","ast-hfb-above-header-display":"","ast-hfb-below-header-display":"","ast-hfb-mobile-header-display":"","site-post-title":"disabled","ast-breadcrumbs-content":"","ast-featured-img":"disabled","footer-sml-layout":"","ast-disable-related-posts":"","theme-transparent-header-meta":"default","adv-header-id-meta":"","stick-header-meta":"","header-above-stick-meta":"","header-main-stick-meta":"","header-below-stick-meta":"","astra-migrate-meta-layouts":"default","ast-page-background-enabled":"default","ast-page-background-meta":{"desktop":{"background-color":"","background-image":"","background-repeat":"repeat","background-position":"center center","background-size":"auto","background-attachment":"scroll","background-type":"","background-media":"","overlay-type":"","overlay-color":"","overlay-opacity":"","overlay-gradient":""},"tablet":{"background-color":"","background-image":"","background-repeat":"repeat","background-position":"center center","background-size":"auto","background-attachment":"scroll","background-type":"","background-media":"","overlay-type":"","overlay-color":"","overlay-opacity":"","overlay-gradient":""},"mobile":{"background-color":"","background-image":"","background-repeat":"repeat","background-position":"center center","background-size":"auto","background-attachment":"scroll","background-type":"","background-media":"","overlay-type":"","overlay-color":"","overlay-opacity":"","overlay-gradient":""}},"ast-content-background-meta":{"desktop":{"background-color":"var(--ast-global-color-5)","background-image":"","background-repeat":"repeat","background-position":"center center","background-size":"auto","background-attachment":"scroll","background-type":"","background-media":"","overlay-type":"","overlay-color":"","overlay-opacity":"","overlay-gradient":""},"tablet":{"background-color":"var(--ast-global-color-5)","background-image":"","background-repeat":"repeat","background-position":"center center","background-size":"auto","background-attachment":"scroll","background-type":"","background-media":"","overlay-type":"","overlay-color":"","overlay-opacity":"","overlay-gradient":""},"mobile":{"background-color":"var(--ast-global-color-5)","background-image":"","background-repeat":"repeat","background-position":"center center","background-size":"auto","background-attachment":"scroll","background-type":"","background-media":"","overlay-type":"","overlay-color":"","overlay-opacity":"","overlay-gradient":""}},"footnotes":""},"class_list":["post-892","page","type-page","status-publish","hentry"],"_links":{"self":[{"href":"https:\/\/www.biogas-bogis.de\/cms\/index.php?rest_route=\/wp\/v2\/pages\/892","targetHints":{"allow":["GET"]}}],"collection":[{"href":"https:\/\/www.biogas-bogis.de\/cms\/index.php?rest_route=\/wp\/v2\/pages"}],"about":[{"href":"https:\/\/www.biogas-bogis.de\/cms\/index.php?rest_route=\/wp\/v2\/types\/page"}],"author":[{"embeddable":true,"href":"https:\/\/www.biogas-bogis.de\/cms\/index.php?rest_route=\/wp\/v2\/users\/6"}],"replies":[{"embeddable":true,"href":"https:\/\/www.biogas-bogis.de\/cms\/index.php?rest_route=%2Fwp%2Fv2%2Fcomments&post=892"}],"version-history":[{"count":7,"href":"https:\/\/www.biogas-bogis.de\/cms\/index.php?rest_route=\/wp\/v2\/pages\/892\/revisions"}],"predecessor-version":[{"id":903,"href":"https:\/\/www.biogas-bogis.de\/cms\/index.php?rest_route=\/wp\/v2\/pages\/892\/revisions\/903"}],"wp:attachment":[{"href":"https:\/\/www.biogas-bogis.de\/cms\/index.php?rest_route=%2Fwp%2Fv2%2Fmedia&parent=892"}],"curies":[{"name":"wp","href":"https:\/\/api.w.org\/{rel}","templated":true}]}}