{"id":860,"date":"2022-03-10T16:01:48","date_gmt":"2022-03-10T15:01:48","guid":{"rendered":"https:\/\/www.biogas-bogis.de\/cms\/?page_id=860"},"modified":"2022-03-10T16:14:03","modified_gmt":"2022-03-10T15:14:03","slug":"vollversionbogis","status":"publish","type":"page","link":"https:\/\/www.biogas-bogis.de\/cms\/?page_id=860","title":{"rendered":"VollversionBogis"},"content":{"rendered":"\t\t<div data-elementor-type=\"wp-post\" data-elementor-id=\"860\" class=\"elementor elementor-860\">\n\t\t\t\t\t\t<section class=\"elementor-section elementor-top-section elementor-element elementor-element-3470d2a elementor-section-boxed elementor-section-height-default elementor-section-height-default\" data-id=\"3470d2a\" data-element_type=\"section\" data-e-type=\"section\">\n\t\t\t\t\t\t<div class=\"elementor-container elementor-column-gap-default\">\n\t\t\t\t\t<div class=\"elementor-column elementor-col-100 elementor-top-column elementor-element elementor-element-77e0f47\" data-id=\"77e0f47\" data-element_type=\"column\" data-e-type=\"column\">\n\t\t\t<div class=\"elementor-widget-wrap elementor-element-populated\">\n\t\t\t\t\t\t<div class=\"elementor-element elementor-element-63d54a4 elementor-widget elementor-widget-spacer\" data-id=\"63d54a4\" data-element_type=\"widget\" data-e-type=\"widget\" data-widget_type=\"spacer.default\">\n\t\t\t\t<div class=\"elementor-widget-container\">\n\t\t\t\t\t\t\t<div class=\"elementor-spacer\">\n\t\t\t<div class=\"elementor-spacer-inner\"><\/div>\n\t\t<\/div>\n\t\t\t\t\t\t<\/div>\n\t\t\t\t<\/div>\n\t\t\t\t\t<\/div>\n\t\t<\/div>\n\t\t\t\t\t<\/div>\n\t\t<\/section>\n\t\t\t\t<section class=\"elementor-section elementor-top-section elementor-element elementor-element-d9cbd79 elementor-section-boxed elementor-section-height-default elementor-section-height-default\" data-id=\"d9cbd79\" data-element_type=\"section\" data-e-type=\"section\">\n\t\t\t\t\t\t<div class=\"elementor-container elementor-column-gap-default\">\n\t\t\t\t\t<div class=\"elementor-column elementor-col-33 elementor-top-column elementor-element elementor-element-cf98e40\" data-id=\"cf98e40\" data-element_type=\"column\" data-e-type=\"column\">\n\t\t\t<div class=\"elementor-widget-wrap elementor-element-populated\">\n\t\t\t\t\t\t<div class=\"elementor-element elementor-element-d152c80 elementor-widget-divider--view-line elementor-widget elementor-widget-divider\" data-id=\"d152c80\" data-element_type=\"widget\" data-e-type=\"widget\" data-widget_type=\"divider.default\">\n\t\t\t\t<div class=\"elementor-widget-container\">\n\t\t\t\t\t\t\t<div class=\"elementor-divider\">\n\t\t\t<span class=\"elementor-divider-separator\">\n\t\t\t\t\t\t<\/span>\n\t\t<\/div>\n\t\t\t\t\t\t<\/div>\n\t\t\t\t<\/div>\n\t\t\t\t\t<\/div>\n\t\t<\/div>\n\t\t\t\t<div class=\"elementor-column elementor-col-33 elementor-top-column elementor-element elementor-element-f25c332\" data-id=\"f25c332\" data-element_type=\"column\" data-e-type=\"column\">\n\t\t\t<div class=\"elementor-widget-wrap elementor-element-populated\">\n\t\t\t\t\t\t<div class=\"elementor-element elementor-element-0b218a6 elementor-widget elementor-widget-heading\" data-id=\"0b218a6\" data-element_type=\"widget\" data-e-type=\"widget\" data-widget_type=\"heading.default\">\n\t\t\t\t<div class=\"elementor-widget-container\">\n\t\t\t\t\t<h2 class=\"elementor-heading-title elementor-size-default\">Vollversion<\/h2>\t\t\t\t<\/div>\n\t\t\t\t<\/div>\n\t\t\t\t\t<\/div>\n\t\t<\/div>\n\t\t\t\t<div class=\"elementor-column elementor-col-33 elementor-top-column elementor-element elementor-element-e7ff9fb\" data-id=\"e7ff9fb\" data-element_type=\"column\" data-e-type=\"column\">\n\t\t\t<div class=\"elementor-widget-wrap elementor-element-populated\">\n\t\t\t\t\t\t<div class=\"elementor-element elementor-element-0d268fa elementor-widget-divider--view-line elementor-widget elementor-widget-divider\" data-id=\"0d268fa\" data-element_type=\"widget\" data-e-type=\"widget\" data-widget_type=\"divider.default\">\n\t\t\t\t<div class=\"elementor-widget-container\">\n\t\t\t\t\t\t\t<div class=\"elementor-divider\">\n\t\t\t<span class=\"elementor-divider-separator\">\n\t\t\t\t\t\t<\/span>\n\t\t<\/div>\n\t\t\t\t\t\t<\/div>\n\t\t\t\t<\/div>\n\t\t\t\t\t<\/div>\n\t\t<\/div>\n\t\t\t\t\t<\/div>\n\t\t<\/section>\n\t\t\t\t<section class=\"elementor-section elementor-top-section elementor-element elementor-element-d812400 elementor-hidden-phone elementor-section-boxed elementor-section-height-default elementor-section-height-default\" data-id=\"d812400\" data-element_type=\"section\" data-e-type=\"section\">\n\t\t\t\t\t\t<div class=\"elementor-container elementor-column-gap-default\">\n\t\t\t\t\t<div class=\"elementor-column elementor-col-100 elementor-top-column elementor-element elementor-element-bdace6d\" data-id=\"bdace6d\" data-element_type=\"column\" data-e-type=\"column\">\n\t\t\t<div class=\"elementor-widget-wrap elementor-element-populated\">\n\t\t\t\t\t\t<div class=\"elementor-element elementor-element-064928c elementor-widget elementor-widget-spacer\" data-id=\"064928c\" data-element_type=\"widget\" data-e-type=\"widget\" data-widget_type=\"spacer.default\">\n\t\t\t\t<div class=\"elementor-widget-container\">\n\t\t\t\t\t\t\t<div class=\"elementor-spacer\">\n\t\t\t<div class=\"elementor-spacer-inner\"><\/div>\n\t\t<\/div>\n\t\t\t\t\t\t<\/div>\n\t\t\t\t<\/div>\n\t\t\t\t\t<\/div>\n\t\t<\/div>\n\t\t\t\t\t<\/div>\n\t\t<\/section>\n\t\t\t\t<section class=\"elementor-section elementor-top-section elementor-element elementor-element-4b75c23 elementor-section-boxed elementor-section-height-default elementor-section-height-default\" data-id=\"4b75c23\" data-element_type=\"section\" data-e-type=\"section\">\n\t\t\t\t\t\t<div class=\"elementor-container elementor-column-gap-default\">\n\t\t\t\t\t<div class=\"elementor-column elementor-col-50 elementor-top-column elementor-element elementor-element-e201401\" data-id=\"e201401\" data-element_type=\"column\" data-e-type=\"column\">\n\t\t\t<div class=\"elementor-widget-wrap elementor-element-populated\">\n\t\t\t\t\t\t<div class=\"elementor-element elementor-element-f8c9477 elementor-widget elementor-widget-text-editor\" data-id=\"f8c9477\" data-element_type=\"widget\" data-e-type=\"widget\" data-widget_type=\"text-editor.default\">\n\t\t\t\t<div class=\"elementor-widget-container\">\n\t\t\t\t\t\t\t\t\t<p>Die Vollversion von BOGIS liefert Ihnen die optimale Unterst\u00fctzung f\u00fcr einen erfolgreichen Betrieb Ihrer Biogasanlage, sowie zahlreiche Auswertungen, Auflistungen und Dokumentationen, die Ihnen als Planungs- und Optimierungsinstrument dienen.<\/p><p>Ebenfalls erhalten Sie eine komfortable Auflistung aller St\u00f6rungen, Ausf\u00e4lle und Abweichungen Ihrer Anlage \u00fcbersichtlich aufgelistet. Ihre erfassten Daten stehen Ihnen in der Anwendung f\u00fcr eine sp\u00e4tere Bearbeitung zur Verf\u00fcgung. Bequem lassen sich ein- und ausgehende Rechnungen erfassen und einzelne Belege dazu verkn\u00fcpfen.<\/p><p>Die integrierte Siloverwaltung unterst\u00fctzt Sie bei der Planung Ihrer Silage-Eink\u00e4ufe. Jeder Zu- und Abgang wird dokumentiert und in einer detaillierten Auflistung dargestellt.<\/p><p>Laufend werden die Kosten und Erl\u00f6se Ihrer Biogasanlage ausgewertet und in Form von Datenbl\u00e4ttern gespeichert, die detailliert die Rentabilit\u00e4t Ihrer Anlage darstellt. Die erfassten Ein- und Ausgangsrechnungen k\u00f6nnen in der Rentabilit\u00e4t ber\u00fccksichtigt werden.<\/p><p>Der WiKei-Rechner bietet Ihnen unter anderem die M\u00f6glichkeit die Substratausgaben kostenorientiert zu planen.<\/p><p>*monatlicher Nettopreis<\/p>\t\t\t\t\t\t\t\t<\/div>\n\t\t\t\t<\/div>\n\t\t\t\t\t<\/div>\n\t\t<\/div>\n\t\t\t\t<div class=\"elementor-column elementor-col-50 elementor-top-column elementor-element elementor-element-b615197\" data-id=\"b615197\" data-element_type=\"column\" data-e-type=\"column\">\n\t\t\t<div class=\"elementor-widget-wrap elementor-element-populated\">\n\t\t\t\t\t\t<div class=\"elementor-element elementor-element-6cd0f3d elementor-widget elementor-widget-sina_pricing\" data-id=\"6cd0f3d\" data-element_type=\"widget\" data-e-type=\"widget\" data-widget_type=\"sina_pricing.default\">\n\t\t\t\t<div class=\"elementor-widget-container\">\n\t\t\t\t\t\t\t<div class=\"sina-pricing sina-pricing-zoom \">\r\n\t\t\t\r\n\t\t\t\r\n\t\t\t\t\t\t\t<h3 class=\"sina-pricing-title\">F\u00fcr Profis<\/h3>\t\t\t\r\n\t\t\t\r\n\t\t\t\r\n\t\t\t\t\t\t\t<h4 class=\"sina-price-tag\">\r\n\t\t\t\t    <span class=\"sina-price-prefix\"><\/span><span>99,00 \u20ac*<\/span><span class=\"sina-price-suffix\"><\/span>\r\n\t\t\t\t<\/h4>\r\n\t\t\t\r\n\t\t\t\r\n\t\t\t<ul class=\"sina-pricing-body\">\r\n\t\t\t\t\t\t\t\t\t<li class=\"elementor-repeater-item-e8d4f95\">\r\n\t\t\t\t\t\t\t\t\t\t\t\t\t<i class=\"icofont icofont-ui-check sina-icon-left\"><\/i>\r\n\t\t\t\t\t\t\t\t\t\t\t\tkomplettes Meldewesen\t\t\t\t\t\t\t\t\t\t\t<\/li>\r\n\t\t\t\t\t\t\t\t\t<li class=\"elementor-repeater-item-4ad3751\">\r\n\t\t\t\t\t\t\t\t\t\t\t\t\t<i class=\"icofont icofont-ui-check sina-icon-left\"><\/i>\r\n\t\t\t\t\t\t\t\t\t\t\t\tkomplettes Betriebstagebuch inkl. SPS\t\t\t\t\t\t\t\t\t\t\t<\/li>\r\n\t\t\t\t\t\t\t\t\t<li class=\"elementor-repeater-item-8a8b605\">\r\n\t\t\t\t\t\t\t\t\t\t\t\t\t<i class=\"icofont icofont-ui-check sina-icon-left\"><\/i>\r\n\t\t\t\t\t\t\t\t\t\t\t\tunz\u00e4hlige Auswertungen\t\t\t\t\t\t\t\t\t\t\t<\/li>\r\n\t\t\t\t\t\t\t\t\t<li class=\"elementor-repeater-item-ec07365\">\r\n\t\t\t\t\t\t\t\t\t\t\t\t\t<i class=\"icofont icofont-ui-check sina-icon-left\"><\/i>\r\n\t\t\t\t\t\t\t\t\t\t\t\tBuchungen\t\t\t\t\t\t\t\t\t\t\t<\/li>\r\n\t\t\t\t\t\t\t\t\t<li class=\"elementor-repeater-item-230b608\">\r\n\t\t\t\t\t\t\t\t\t\t\t\t\t<i class=\"icofont icofont-ui-check sina-icon-left\"><\/i>\r\n\t\t\t\t\t\t\t\t\t\t\t\tStammdatenverwaltung\t\t\t\t\t\t\t\t\t\t\t<\/li>\r\n\t\t\t\t\t\t\t\t\t<li class=\"elementor-repeater-item-b56e0cf\">\r\n\t\t\t\t\t\t\t\t\t\t\t\t\t<i class=\"icofont icofont-ui-check sina-icon-left\"><\/i>\r\n\t\t\t\t\t\t\t\t\t\t\t\tFAQ\t\t\t\t\t\t\t\t\t\t\t<\/li>\r\n\t\t\t\t\t\t\t<\/ul>\r\n\r\n\t\t\t\t\t\t\t<div class=\"sina-pricing-btn\">\r\n\t\t\t\t\t<a class=\"sina-order-btn  \"\r\n\t\t\t\t\thref=\"https:\/\/portal.biogas-bogis.de\/bis\/modul.bestellung\"\r\n\t\t\t\t\t\t\t\t\t\t>\r\n\t\t\t\t\t\t\t\tZur Bestellung\t\t\t\t\t\t\t<\/a>\r\n\t\t\t\t<\/div>\r\n\t\t\t\t\t<\/div><!-- .sina-pricing -->\r\n\t\t\t\t\t\t<\/div>\n\t\t\t\t<\/div>\n\t\t\t\t\t<\/div>\n\t\t<\/div>\n\t\t\t\t\t<\/div>\n\t\t<\/section>\n\t\t\t\t<section class=\"elementor-section elementor-top-section elementor-element elementor-element-306aa83 elementor-section-boxed elementor-section-height-default elementor-section-height-default\" data-id=\"306aa83\" data-element_type=\"section\" data-e-type=\"section\">\n\t\t\t\t\t\t<div class=\"elementor-container elementor-column-gap-default\">\n\t\t\t\t\t<div class=\"elementor-column elementor-col-100 elementor-top-column elementor-element elementor-element-37b5681\" data-id=\"37b5681\" data-element_type=\"column\" data-e-type=\"column\">\n\t\t\t<div class=\"elementor-widget-wrap elementor-element-populated\">\n\t\t\t\t\t\t<div class=\"elementor-element elementor-element-c2a29f8 elementor-widget elementor-widget-spacer\" data-id=\"c2a29f8\" data-element_type=\"widget\" data-e-type=\"widget\" data-widget_type=\"spacer.default\">\n\t\t\t\t<div class=\"elementor-widget-container\">\n\t\t\t\t\t\t\t<div class=\"elementor-spacer\">\n\t\t\t<div class=\"elementor-spacer-inner\"><\/div>\n\t\t<\/div>\n\t\t\t\t\t\t<\/div>\n\t\t\t\t<\/div>\n\t\t\t\t\t<\/div>\n\t\t<\/div>\n\t\t\t\t\t<\/div>\n\t\t<\/section>\n\t\t\t\t<\/div>\n\t\t","protected":false},"excerpt":{"rendered":"<p>Vollversion Die Vollversion von BOGIS liefert Ihnen die optimale Unterst\u00fctzung f\u00fcr einen erfolgreichen Betrieb Ihrer Biogasanlage, sowie zahlreiche Auswertungen, Auflistungen und Dokumentationen, die Ihnen als Planungs- und Optimierungsinstrument dienen. Ebenfalls erhalten Sie eine komfortable Auflistung aller St\u00f6rungen, Ausf\u00e4lle und Abweichungen Ihrer Anlage \u00fcbersichtlich aufgelistet. Ihre erfassten Daten stehen Ihnen in der Anwendung f\u00fcr eine sp\u00e4tere [&hellip;]<\/p>\n","protected":false},"author":6,"featured_media":0,"parent":0,"menu_order":0,"comment_status":"closed","ping_status":"closed","template":"","meta":{"site-sidebar-layout":"no-sidebar","site-content-layout":"page-builder","ast-site-content-layout":"default","site-content-style":"default","site-sidebar-style":"default","ast-global-header-display":"","ast-banner-title-visibility":"","ast-main-header-display":"","ast-hfb-above-header-display":"","ast-hfb-below-header-display":"","ast-hfb-mobile-header-display":"","site-post-title":"disabled","ast-breadcrumbs-content":"","ast-featured-img":"disabled","footer-sml-layout":"","ast-disable-related-posts":"","theme-transparent-header-meta":"default","adv-header-id-meta":"","stick-header-meta":"","header-above-stick-meta":"","header-main-stick-meta":"","header-below-stick-meta":"","astra-migrate-meta-layouts":"default","ast-page-background-enabled":"default","ast-page-background-meta":{"desktop":{"background-color":"","background-image":"","background-repeat":"repeat","background-position":"center center","background-size":"auto","background-attachment":"scroll","background-type":"","background-media":"","overlay-type":"","overlay-color":"","overlay-opacity":"","overlay-gradient":""},"tablet":{"background-color":"","background-image":"","background-repeat":"repeat","background-position":"center center","background-size":"auto","background-attachment":"scroll","background-type":"","background-media":"","overlay-type":"","overlay-color":"","overlay-opacity":"","overlay-gradient":""},"mobile":{"background-color":"","background-image":"","background-repeat":"repeat","background-position":"center center","background-size":"auto","background-attachment":"scroll","background-type":"","background-media":"","overlay-type":"","overlay-color":"","overlay-opacity":"","overlay-gradient":""}},"ast-content-background-meta":{"desktop":{"background-color":"var(--ast-global-color-5)","background-image":"","background-repeat":"repeat","background-position":"center center","background-size":"auto","background-attachment":"scroll","background-type":"","background-media":"","overlay-type":"","overlay-color":"","overlay-opacity":"","overlay-gradient":""},"tablet":{"background-color":"var(--ast-global-color-5)","background-image":"","background-repeat":"repeat","background-position":"center center","background-size":"auto","background-attachment":"scroll","background-type":"","background-media":"","overlay-type":"","overlay-color":"","overlay-opacity":"","overlay-gradient":""},"mobile":{"background-color":"var(--ast-global-color-5)","background-image":"","background-repeat":"repeat","background-position":"center center","background-size":"auto","background-attachment":"scroll","background-type":"","background-media":"","overlay-type":"","overlay-color":"","overlay-opacity":"","overlay-gradient":""}},"footnotes":""},"class_list":["post-860","page","type-page","status-publish","hentry"],"_links":{"self":[{"href":"https:\/\/www.biogas-bogis.de\/cms\/index.php?rest_route=\/wp\/v2\/pages\/860","targetHints":{"allow":["GET"]}}],"collection":[{"href":"https:\/\/www.biogas-bogis.de\/cms\/index.php?rest_route=\/wp\/v2\/pages"}],"about":[{"href":"https:\/\/www.biogas-bogis.de\/cms\/index.php?rest_route=\/wp\/v2\/types\/page"}],"author":[{"embeddable":true,"href":"https:\/\/www.biogas-bogis.de\/cms\/index.php?rest_route=\/wp\/v2\/users\/6"}],"replies":[{"embeddable":true,"href":"https:\/\/www.biogas-bogis.de\/cms\/index.php?rest_route=%2Fwp%2Fv2%2Fcomments&post=860"}],"version-history":[{"count":7,"href":"https:\/\/www.biogas-bogis.de\/cms\/index.php?rest_route=\/wp\/v2\/pages\/860\/revisions"}],"predecessor-version":[{"id":869,"href":"https:\/\/www.biogas-bogis.de\/cms\/index.php?rest_route=\/wp\/v2\/pages\/860\/revisions\/869"}],"wp:attachment":[{"href":"https:\/\/www.biogas-bogis.de\/cms\/index.php?rest_route=%2Fwp%2Fv2%2Fmedia&parent=860"}],"curies":[{"name":"wp","href":"https:\/\/api.w.org\/{rel}","templated":true}]}}