{"id":852,"date":"2022-03-10T15:49:14","date_gmt":"2022-03-10T14:49:14","guid":{"rendered":"https:\/\/www.biogas-bogis.de\/cms\/?page_id=852"},"modified":"2022-03-10T16:00:47","modified_gmt":"2022-03-10T15:00:47","slug":"betriebstagebuch-plusbogis","status":"publish","type":"page","link":"https:\/\/www.biogas-bogis.de\/cms\/?page_id=852","title":{"rendered":"Betriebstagebuch &#8211; PlusBogis"},"content":{"rendered":"\t\t<div data-elementor-type=\"wp-post\" data-elementor-id=\"852\" class=\"elementor elementor-852\">\n\t\t\t\t\t\t<section class=\"elementor-section elementor-top-section elementor-element elementor-element-5a05b9a elementor-section-boxed elementor-section-height-default elementor-section-height-default\" data-id=\"5a05b9a\" data-element_type=\"section\" data-e-type=\"section\">\n\t\t\t\t\t\t<div class=\"elementor-container elementor-column-gap-default\">\n\t\t\t\t\t<div class=\"elementor-column elementor-col-100 elementor-top-column elementor-element elementor-element-bb623d9\" data-id=\"bb623d9\" data-element_type=\"column\" data-e-type=\"column\">\n\t\t\t<div class=\"elementor-widget-wrap elementor-element-populated\">\n\t\t\t\t\t\t<div class=\"elementor-element elementor-element-a9aaa49 elementor-widget elementor-widget-spacer\" data-id=\"a9aaa49\" data-element_type=\"widget\" data-e-type=\"widget\" data-widget_type=\"spacer.default\">\n\t\t\t\t<div class=\"elementor-widget-container\">\n\t\t\t\t\t\t\t<div class=\"elementor-spacer\">\n\t\t\t<div class=\"elementor-spacer-inner\"><\/div>\n\t\t<\/div>\n\t\t\t\t\t\t<\/div>\n\t\t\t\t<\/div>\n\t\t\t\t\t<\/div>\n\t\t<\/div>\n\t\t\t\t\t<\/div>\n\t\t<\/section>\n\t\t\t\t<section class=\"elementor-section elementor-top-section elementor-element elementor-element-6d14b61 elementor-section-boxed elementor-section-height-default elementor-section-height-default\" data-id=\"6d14b61\" data-element_type=\"section\" data-e-type=\"section\">\n\t\t\t\t\t\t<div class=\"elementor-container elementor-column-gap-default\">\n\t\t\t\t\t<div class=\"elementor-column elementor-col-33 elementor-top-column elementor-element elementor-element-42a854c\" data-id=\"42a854c\" data-element_type=\"column\" data-e-type=\"column\">\n\t\t\t<div class=\"elementor-widget-wrap elementor-element-populated\">\n\t\t\t\t\t\t<div class=\"elementor-element elementor-element-99f9c09 elementor-widget-divider--view-line elementor-widget elementor-widget-divider\" data-id=\"99f9c09\" data-element_type=\"widget\" data-e-type=\"widget\" data-widget_type=\"divider.default\">\n\t\t\t\t<div class=\"elementor-widget-container\">\n\t\t\t\t\t\t\t<div class=\"elementor-divider\">\n\t\t\t<span class=\"elementor-divider-separator\">\n\t\t\t\t\t\t<\/span>\n\t\t<\/div>\n\t\t\t\t\t\t<\/div>\n\t\t\t\t<\/div>\n\t\t\t\t\t<\/div>\n\t\t<\/div>\n\t\t\t\t<div class=\"elementor-column elementor-col-33 elementor-top-column elementor-element elementor-element-db094c2\" data-id=\"db094c2\" data-element_type=\"column\" data-e-type=\"column\">\n\t\t\t<div class=\"elementor-widget-wrap elementor-element-populated\">\n\t\t\t\t\t\t<div class=\"elementor-element elementor-element-7b92572 elementor-widget elementor-widget-heading\" data-id=\"7b92572\" data-element_type=\"widget\" data-e-type=\"widget\" data-widget_type=\"heading.default\">\n\t\t\t\t<div class=\"elementor-widget-container\">\n\t\t\t\t\t<h2 class=\"elementor-heading-title elementor-size-default\">Betriebstagebuch - Plus<\/h2>\t\t\t\t<\/div>\n\t\t\t\t<\/div>\n\t\t\t\t\t<\/div>\n\t\t<\/div>\n\t\t\t\t<div class=\"elementor-column elementor-col-33 elementor-top-column elementor-element elementor-element-bfeea04\" data-id=\"bfeea04\" data-element_type=\"column\" data-e-type=\"column\">\n\t\t\t<div class=\"elementor-widget-wrap elementor-element-populated\">\n\t\t\t\t\t\t<div class=\"elementor-element elementor-element-16893be elementor-widget-divider--view-line elementor-widget elementor-widget-divider\" data-id=\"16893be\" data-element_type=\"widget\" data-e-type=\"widget\" data-widget_type=\"divider.default\">\n\t\t\t\t<div class=\"elementor-widget-container\">\n\t\t\t\t\t\t\t<div class=\"elementor-divider\">\n\t\t\t<span class=\"elementor-divider-separator\">\n\t\t\t\t\t\t<\/span>\n\t\t<\/div>\n\t\t\t\t\t\t<\/div>\n\t\t\t\t<\/div>\n\t\t\t\t\t<\/div>\n\t\t<\/div>\n\t\t\t\t\t<\/div>\n\t\t<\/section>\n\t\t\t\t<section class=\"elementor-section elementor-top-section elementor-element elementor-element-44d1d02 elementor-hidden-phone elementor-section-boxed elementor-section-height-default elementor-section-height-default\" data-id=\"44d1d02\" data-element_type=\"section\" data-e-type=\"section\">\n\t\t\t\t\t\t<div class=\"elementor-container elementor-column-gap-default\">\n\t\t\t\t\t<div class=\"elementor-column elementor-col-100 elementor-top-column elementor-element elementor-element-38623bd\" data-id=\"38623bd\" data-element_type=\"column\" data-e-type=\"column\">\n\t\t\t<div class=\"elementor-widget-wrap elementor-element-populated\">\n\t\t\t\t\t\t<div class=\"elementor-element elementor-element-abbeb3a elementor-widget elementor-widget-spacer\" data-id=\"abbeb3a\" data-element_type=\"widget\" data-e-type=\"widget\" data-widget_type=\"spacer.default\">\n\t\t\t\t<div class=\"elementor-widget-container\">\n\t\t\t\t\t\t\t<div class=\"elementor-spacer\">\n\t\t\t<div class=\"elementor-spacer-inner\"><\/div>\n\t\t<\/div>\n\t\t\t\t\t\t<\/div>\n\t\t\t\t<\/div>\n\t\t\t\t\t<\/div>\n\t\t<\/div>\n\t\t\t\t\t<\/div>\n\t\t<\/section>\n\t\t\t\t<section class=\"elementor-section elementor-top-section elementor-element elementor-element-1d8d132 elementor-section-boxed elementor-section-height-default elementor-section-height-default\" data-id=\"1d8d132\" data-element_type=\"section\" data-e-type=\"section\">\n\t\t\t\t\t\t<div class=\"elementor-container elementor-column-gap-default\">\n\t\t\t\t\t<div class=\"elementor-column elementor-col-50 elementor-top-column elementor-element elementor-element-db3918f\" data-id=\"db3918f\" data-element_type=\"column\" data-e-type=\"column\">\n\t\t\t<div class=\"elementor-widget-wrap elementor-element-populated\">\n\t\t\t\t\t\t<div class=\"elementor-element elementor-element-4969a5a elementor-widget elementor-widget-text-editor\" data-id=\"4969a5a\" data-element_type=\"widget\" data-e-type=\"widget\" data-widget_type=\"text-editor.default\">\n\t\t\t\t<div class=\"elementor-widget-container\">\n\t\t\t\t\t\t\t\t\t<p>Das Modul BTB \u2013 Plus besteht neben dem kompletten Modul BTB zus\u00e4tzlich aus weiteren Bereichen, die Sie im t\u00e4glichen Betrieb Ihrer Biogasanlage unterst\u00fctzen.<\/p><p>F\u00fcr die Erfassung des BTB kann \u00fcber eine SPS-Schnittstelle eine automatische \u00dcbertragung der Daten erm\u00f6glicht werden. F\u00fcr eine SPS-Anbindung generiert unser technische Service einen Datenbereich innerhalb der anlageneigenen SPS.<\/p><p>Digitale Informationen wie z.B. F\u00fctterungsmengen, Temperaturen, Gasmengen sowie viele weitere Messgr\u00f6\u00dfen \u00fcbertr\u00e4gt BOGIS automatisch \u00fcber die SPS der Anlage in das Schnittstellenmodul der Datenbank.<\/p><p>Zus\u00e4tzliche Werte k\u00f6nnen problemlos vor Ort \u00fcber die BOGIS APP erfasst werden. In der gleichen Anwendung k\u00f6nnen Sie, ebenfalls\u00a0 vor Ort, die Wartungst\u00e4tigkeiten erfassen. Damit erledigen Sie im Hintergrund alle Meldungen f\u00fcr Umweltgutachter, Landwirtschaftskammern und Beh\u00f6rden.<\/p><p>Zu allen Maschinen, Einrichtungen und Vorg\u00e4nge k\u00f6nnen zur optimalen Pflege die Wartungs- und Sicherheitsanweisungen der jeweiligen Hersteller hinterlegt werden.<\/p><p>*monatlicher Nettopreis<\/p>\t\t\t\t\t\t\t\t<\/div>\n\t\t\t\t<\/div>\n\t\t\t\t\t<\/div>\n\t\t<\/div>\n\t\t\t\t<div class=\"elementor-column elementor-col-50 elementor-top-column elementor-element elementor-element-50788cc\" data-id=\"50788cc\" data-element_type=\"column\" data-e-type=\"column\">\n\t\t\t<div class=\"elementor-widget-wrap elementor-element-populated\">\n\t\t\t\t\t\t<div class=\"elementor-element elementor-element-8da925b elementor-widget elementor-widget-sina_pricing\" data-id=\"8da925b\" data-element_type=\"widget\" data-e-type=\"widget\" data-widget_type=\"sina_pricing.default\">\n\t\t\t\t<div class=\"elementor-widget-container\">\n\t\t\t\t\t\t\t<div class=\"sina-pricing sina-pricing-zoom \">\r\n\t\t\t\r\n\t\t\t\r\n\t\t\t\t\t\t\t<h3 class=\"sina-pricing-title\">Meist gekauft<\/h3>\t\t\t\r\n\t\t\t\r\n\t\t\t\r\n\t\t\t\t\t\t\t<h4 class=\"sina-price-tag\">\r\n\t\t\t\t    <span class=\"sina-price-prefix\"><\/span><span>49,90 \u20ac*<\/span><span class=\"sina-price-suffix\"><\/span>\r\n\t\t\t\t<\/h4>\r\n\t\t\t\r\n\t\t\t\r\n\t\t\t<ul class=\"sina-pricing-body\">\r\n\t\t\t\t\t\t\t\t\t<li class=\"elementor-repeater-item-d19b133\">\r\n\t\t\t\t\t\t\t\t\t\t\t\t\t<i class=\"icofont icofont-ui-check sina-icon-left\"><\/i>\r\n\t\t\t\t\t\t\t\t\t\t\t\tkomplettes Meldewesen\t\t\t\t\t\t\t\t\t\t\t<\/li>\r\n\t\t\t\t\t\t\t\t\t<li class=\"elementor-repeater-item-aa24277\">\r\n\t\t\t\t\t\t\t\t\t\t\t\t\t<i class=\"icofont icofont-ui-check sina-icon-left\"><\/i>\r\n\t\t\t\t\t\t\t\t\t\t\t\tkomplettes Betriebstagebuch\t\t\t\t\t\t\t\t\t\t\t<\/li>\r\n\t\t\t\t\t\t\t\t\t<li class=\"elementor-repeater-item-f9974f0\">\r\n\t\t\t\t\t\t\t\t\t\t\t\t\t<i class=\"icofont icofont-ui-check sina-icon-left\"><\/i>\r\n\t\t\t\t\t\t\t\t\t\t\t\terweiterte Auswertungen\t\t\t\t\t\t\t\t\t\t\t<\/li>\r\n\t\t\t\t\t\t\t\t\t<li class=\"elementor-repeater-item-889f19b\">\r\n\t\t\t\t\t\t\t\t\t\t\t\t\t<i class=\"icofont icofont-ui-check sina-icon-left\"><\/i>\r\n\t\t\t\t\t\t\t\t\t\t\t\tSPS-Anbindung\t\t\t\t\t\t\t\t\t\t\t<\/li>\r\n\t\t\t\t\t\t\t\t\t<li class=\"elementor-repeater-item-2aa016b\">\r\n\t\t\t\t\t\t\t\t\t\t\t\t\t<i class=\"icofont icofont-ui-check sina-icon-left\"><\/i>\r\n\t\t\t\t\t\t\t\t\t\t\t\tDatenverwaltung\t\t\t\t\t\t\t\t\t\t\t<\/li>\r\n\t\t\t\t\t\t\t\t\t<li class=\"elementor-repeater-item-05fc394\">\r\n\t\t\t\t\t\t\t\t\t\t\t\t\t<i class=\"icofont icofont-ui-check sina-icon-left\"><\/i>\r\n\t\t\t\t\t\t\t\t\t\t\t\tFAQ\t\t\t\t\t\t\t\t\t\t\t<\/li>\r\n\t\t\t\t\t\t\t<\/ul>\r\n\r\n\t\t\t\t\t\t\t<div class=\"sina-pricing-btn\">\r\n\t\t\t\t\t<a class=\"sina-order-btn  \"\r\n\t\t\t\t\thref=\"https:\/\/portal.biogas-bogis.de\/bis\/modul.bestellung\"\r\n\t\t\t\t\t\t\t\t\t\t>\r\n\t\t\t\t\t\t\t\tZur Bestellung\t\t\t\t\t\t\t<\/a>\r\n\t\t\t\t<\/div>\r\n\t\t\t\t\t<\/div><!-- .sina-pricing -->\r\n\t\t\t\t\t\t<\/div>\n\t\t\t\t<\/div>\n\t\t\t\t\t<\/div>\n\t\t<\/div>\n\t\t\t\t\t<\/div>\n\t\t<\/section>\n\t\t\t\t<section class=\"elementor-section elementor-top-section elementor-element elementor-element-e10673c elementor-section-boxed elementor-section-height-default elementor-section-height-default\" data-id=\"e10673c\" data-element_type=\"section\" data-e-type=\"section\">\n\t\t\t\t\t\t<div class=\"elementor-container elementor-column-gap-default\">\n\t\t\t\t\t<div class=\"elementor-column elementor-col-100 elementor-top-column elementor-element elementor-element-71b557b\" data-id=\"71b557b\" data-element_type=\"column\" data-e-type=\"column\">\n\t\t\t<div class=\"elementor-widget-wrap elementor-element-populated\">\n\t\t\t\t\t\t<div class=\"elementor-element elementor-element-12d7bb0 elementor-widget elementor-widget-spacer\" data-id=\"12d7bb0\" data-element_type=\"widget\" data-e-type=\"widget\" data-widget_type=\"spacer.default\">\n\t\t\t\t<div class=\"elementor-widget-container\">\n\t\t\t\t\t\t\t<div class=\"elementor-spacer\">\n\t\t\t<div class=\"elementor-spacer-inner\"><\/div>\n\t\t<\/div>\n\t\t\t\t\t\t<\/div>\n\t\t\t\t<\/div>\n\t\t\t\t\t<\/div>\n\t\t<\/div>\n\t\t\t\t\t<\/div>\n\t\t<\/section>\n\t\t\t\t<\/div>\n\t\t","protected":false},"excerpt":{"rendered":"<p>Betriebstagebuch &#8211; Plus Das Modul BTB \u2013 Plus besteht neben dem kompletten Modul BTB zus\u00e4tzlich aus weiteren Bereichen, die Sie im t\u00e4glichen Betrieb Ihrer Biogasanlage unterst\u00fctzen. F\u00fcr die Erfassung des BTB kann \u00fcber eine SPS-Schnittstelle eine automatische \u00dcbertragung der Daten erm\u00f6glicht werden. F\u00fcr eine SPS-Anbindung generiert unser technische Service einen Datenbereich innerhalb der anlageneigenen SPS. [&hellip;]<\/p>\n","protected":false},"author":6,"featured_media":0,"parent":0,"menu_order":0,"comment_status":"closed","ping_status":"closed","template":"","meta":{"site-sidebar-layout":"no-sidebar","site-content-layout":"page-builder","ast-site-content-layout":"default","site-content-style":"default","site-sidebar-style":"default","ast-global-header-display":"","ast-banner-title-visibility":"","ast-main-header-display":"","ast-hfb-above-header-display":"","ast-hfb-below-header-display":"","ast-hfb-mobile-header-display":"","site-post-title":"disabled","ast-breadcrumbs-content":"","ast-featured-img":"disabled","footer-sml-layout":"","ast-disable-related-posts":"","theme-transparent-header-meta":"default","adv-header-id-meta":"","stick-header-meta":"","header-above-stick-meta":"","header-main-stick-meta":"","header-below-stick-meta":"","astra-migrate-meta-layouts":"default","ast-page-background-enabled":"default","ast-page-background-meta":{"desktop":{"background-color":"","background-image":"","background-repeat":"repeat","background-position":"center center","background-size":"auto","background-attachment":"scroll","background-type":"","background-media":"","overlay-type":"","overlay-color":"","overlay-opacity":"","overlay-gradient":""},"tablet":{"background-color":"","background-image":"","background-repeat":"repeat","background-position":"center center","background-size":"auto","background-attachment":"scroll","background-type":"","background-media":"","overlay-type":"","overlay-color":"","overlay-opacity":"","overlay-gradient":""},"mobile":{"background-color":"","background-image":"","background-repeat":"repeat","background-position":"center center","background-size":"auto","background-attachment":"scroll","background-type":"","background-media":"","overlay-type":"","overlay-color":"","overlay-opacity":"","overlay-gradient":""}},"ast-content-background-meta":{"desktop":{"background-color":"var(--ast-global-color-5)","background-image":"","background-repeat":"repeat","background-position":"center center","background-size":"auto","background-attachment":"scroll","background-type":"","background-media":"","overlay-type":"","overlay-color":"","overlay-opacity":"","overlay-gradient":""},"tablet":{"background-color":"var(--ast-global-color-5)","background-image":"","background-repeat":"repeat","background-position":"center center","background-size":"auto","background-attachment":"scroll","background-type":"","background-media":"","overlay-type":"","overlay-color":"","overlay-opacity":"","overlay-gradient":""},"mobile":{"background-color":"var(--ast-global-color-5)","background-image":"","background-repeat":"repeat","background-position":"center center","background-size":"auto","background-attachment":"scroll","background-type":"","background-media":"","overlay-type":"","overlay-color":"","overlay-opacity":"","overlay-gradient":""}},"footnotes":""},"class_list":["post-852","page","type-page","status-publish","hentry"],"_links":{"self":[{"href":"https:\/\/www.biogas-bogis.de\/cms\/index.php?rest_route=\/wp\/v2\/pages\/852","targetHints":{"allow":["GET"]}}],"collection":[{"href":"https:\/\/www.biogas-bogis.de\/cms\/index.php?rest_route=\/wp\/v2\/pages"}],"about":[{"href":"https:\/\/www.biogas-bogis.de\/cms\/index.php?rest_route=\/wp\/v2\/types\/page"}],"author":[{"embeddable":true,"href":"https:\/\/www.biogas-bogis.de\/cms\/index.php?rest_route=\/wp\/v2\/users\/6"}],"replies":[{"embeddable":true,"href":"https:\/\/www.biogas-bogis.de\/cms\/index.php?rest_route=%2Fwp%2Fv2%2Fcomments&post=852"}],"version-history":[{"count":7,"href":"https:\/\/www.biogas-bogis.de\/cms\/index.php?rest_route=\/wp\/v2\/pages\/852\/revisions"}],"predecessor-version":[{"id":859,"href":"https:\/\/www.biogas-bogis.de\/cms\/index.php?rest_route=\/wp\/v2\/pages\/852\/revisions\/859"}],"wp:attachment":[{"href":"https:\/\/www.biogas-bogis.de\/cms\/index.php?rest_route=%2Fwp%2Fv2%2Fmedia&parent=852"}],"curies":[{"name":"wp","href":"https:\/\/api.w.org\/{rel}","templated":true}]}}