{"id":816,"date":"2022-03-10T13:38:24","date_gmt":"2022-03-10T12:38:24","guid":{"rendered":"https:\/\/www.biogas-bogis.de\/cms\/?page_id=816"},"modified":"2022-03-10T15:48:22","modified_gmt":"2022-03-10T14:48:22","slug":"meldewesenbogis","status":"publish","type":"page","link":"https:\/\/www.biogas-bogis.de\/cms\/?page_id=816","title":{"rendered":"MeldewesenBogis"},"content":{"rendered":"\t\t<div data-elementor-type=\"wp-post\" data-elementor-id=\"816\" class=\"elementor elementor-816\">\n\t\t\t\t\t\t<section class=\"elementor-section elementor-top-section elementor-element elementor-element-067dfac elementor-section-boxed elementor-section-height-default elementor-section-height-default\" data-id=\"067dfac\" data-element_type=\"section\" data-e-type=\"section\">\n\t\t\t\t\t\t<div class=\"elementor-container elementor-column-gap-default\">\n\t\t\t\t\t<div class=\"elementor-column elementor-col-100 elementor-top-column elementor-element elementor-element-cdadb6f\" data-id=\"cdadb6f\" data-element_type=\"column\" data-e-type=\"column\">\n\t\t\t<div class=\"elementor-widget-wrap elementor-element-populated\">\n\t\t\t\t\t\t<div class=\"elementor-element elementor-element-c431101 elementor-widget elementor-widget-spacer\" data-id=\"c431101\" data-element_type=\"widget\" data-e-type=\"widget\" data-widget_type=\"spacer.default\">\n\t\t\t\t<div class=\"elementor-widget-container\">\n\t\t\t\t\t\t\t<div class=\"elementor-spacer\">\n\t\t\t<div class=\"elementor-spacer-inner\"><\/div>\n\t\t<\/div>\n\t\t\t\t\t\t<\/div>\n\t\t\t\t<\/div>\n\t\t\t\t\t<\/div>\n\t\t<\/div>\n\t\t\t\t\t<\/div>\n\t\t<\/section>\n\t\t\t\t<section class=\"elementor-section elementor-top-section elementor-element elementor-element-f2e0d5a elementor-section-boxed elementor-section-height-default elementor-section-height-default\" data-id=\"f2e0d5a\" data-element_type=\"section\" data-e-type=\"section\">\n\t\t\t\t\t\t<div class=\"elementor-container elementor-column-gap-default\">\n\t\t\t\t\t<div class=\"elementor-column elementor-col-100 elementor-top-column elementor-element elementor-element-972dc44\" data-id=\"972dc44\" data-element_type=\"column\" data-e-type=\"column\">\n\t\t\t<div class=\"elementor-widget-wrap elementor-element-populated\">\n\t\t\t\t\t\t<section class=\"elementor-section elementor-inner-section elementor-element elementor-element-a814499 elementor-section-boxed elementor-section-height-default elementor-section-height-default\" data-id=\"a814499\" data-element_type=\"section\" data-e-type=\"section\">\n\t\t\t\t\t\t<div class=\"elementor-container elementor-column-gap-default\">\n\t\t\t\t\t<div class=\"elementor-column elementor-col-33 elementor-inner-column elementor-element elementor-element-558a54b\" data-id=\"558a54b\" data-element_type=\"column\" data-e-type=\"column\">\n\t\t\t<div class=\"elementor-widget-wrap elementor-element-populated\">\n\t\t\t\t\t\t<div class=\"elementor-element elementor-element-666ad24 elementor-widget-divider--view-line elementor-widget elementor-widget-divider\" data-id=\"666ad24\" data-element_type=\"widget\" data-e-type=\"widget\" data-widget_type=\"divider.default\">\n\t\t\t\t<div class=\"elementor-widget-container\">\n\t\t\t\t\t\t\t<div class=\"elementor-divider\">\n\t\t\t<span class=\"elementor-divider-separator\">\n\t\t\t\t\t\t<\/span>\n\t\t<\/div>\n\t\t\t\t\t\t<\/div>\n\t\t\t\t<\/div>\n\t\t\t\t\t<\/div>\n\t\t<\/div>\n\t\t\t\t<div class=\"elementor-column elementor-col-33 elementor-inner-column elementor-element elementor-element-21f3535\" data-id=\"21f3535\" data-element_type=\"column\" data-e-type=\"column\">\n\t\t\t<div class=\"elementor-widget-wrap elementor-element-populated\">\n\t\t\t\t\t\t<div class=\"elementor-element elementor-element-71fc72b elementor-widget elementor-widget-heading\" data-id=\"71fc72b\" data-element_type=\"widget\" data-e-type=\"widget\" data-widget_type=\"heading.default\">\n\t\t\t\t<div class=\"elementor-widget-container\">\n\t\t\t\t\t<h2 class=\"elementor-heading-title elementor-size-default\">Meldewesen<\/h2>\t\t\t\t<\/div>\n\t\t\t\t<\/div>\n\t\t\t\t\t<\/div>\n\t\t<\/div>\n\t\t\t\t<div class=\"elementor-column elementor-col-33 elementor-inner-column elementor-element elementor-element-8617fae\" data-id=\"8617fae\" data-element_type=\"column\" data-e-type=\"column\">\n\t\t\t<div class=\"elementor-widget-wrap elementor-element-populated\">\n\t\t\t\t\t\t<div class=\"elementor-element elementor-element-f43d05b elementor-widget-divider--view-line elementor-widget elementor-widget-divider\" data-id=\"f43d05b\" data-element_type=\"widget\" data-e-type=\"widget\" data-widget_type=\"divider.default\">\n\t\t\t\t<div class=\"elementor-widget-container\">\n\t\t\t\t\t\t\t<div class=\"elementor-divider\">\n\t\t\t<span class=\"elementor-divider-separator\">\n\t\t\t\t\t\t<\/span>\n\t\t<\/div>\n\t\t\t\t\t\t<\/div>\n\t\t\t\t<\/div>\n\t\t\t\t\t<\/div>\n\t\t<\/div>\n\t\t\t\t\t<\/div>\n\t\t<\/section>\n\t\t\t\t\t<\/div>\n\t\t<\/div>\n\t\t\t\t\t<\/div>\n\t\t<\/section>\n\t\t\t\t<section class=\"elementor-section elementor-top-section elementor-element elementor-element-2528c20 elementor-hidden-phone elementor-section-boxed elementor-section-height-default elementor-section-height-default\" data-id=\"2528c20\" data-element_type=\"section\" data-e-type=\"section\">\n\t\t\t\t\t\t<div class=\"elementor-container elementor-column-gap-default\">\n\t\t\t\t\t<div class=\"elementor-column elementor-col-100 elementor-top-column elementor-element elementor-element-79036ff\" data-id=\"79036ff\" data-element_type=\"column\" data-e-type=\"column\">\n\t\t\t<div class=\"elementor-widget-wrap elementor-element-populated\">\n\t\t\t\t\t\t<div class=\"elementor-element elementor-element-dfbf97d elementor-widget elementor-widget-spacer\" data-id=\"dfbf97d\" data-element_type=\"widget\" data-e-type=\"widget\" data-widget_type=\"spacer.default\">\n\t\t\t\t<div class=\"elementor-widget-container\">\n\t\t\t\t\t\t\t<div class=\"elementor-spacer\">\n\t\t\t<div class=\"elementor-spacer-inner\"><\/div>\n\t\t<\/div>\n\t\t\t\t\t\t<\/div>\n\t\t\t\t<\/div>\n\t\t\t\t\t<\/div>\n\t\t<\/div>\n\t\t\t\t\t<\/div>\n\t\t<\/section>\n\t\t\t\t<section class=\"elementor-section elementor-top-section elementor-element elementor-element-f14fdf9 elementor-section-boxed elementor-section-height-default elementor-section-height-default\" data-id=\"f14fdf9\" data-element_type=\"section\" data-e-type=\"section\">\n\t\t\t\t\t\t<div class=\"elementor-container elementor-column-gap-default\">\n\t\t\t\t\t<div class=\"elementor-column elementor-col-50 elementor-top-column elementor-element elementor-element-17b5fee\" data-id=\"17b5fee\" data-element_type=\"column\" data-e-type=\"column\">\n\t\t\t<div class=\"elementor-widget-wrap elementor-element-populated\">\n\t\t\t\t\t\t<div class=\"elementor-element elementor-element-56e14c6 elementor-widget elementor-widget-text-editor\" data-id=\"56e14c6\" data-element_type=\"widget\" data-e-type=\"widget\" data-widget_type=\"text-editor.default\">\n\t\t\t\t<div class=\"elementor-widget-container\">\n\t\t\t\t\t\t\t\t\t<p>Das Modul Meldewesen unterst\u00fctzt Sie bei der Dokumentations- und Mitteilungspflicht bei der Abgabe, Bef\u00f6rderung oder Aufnahme von Wirtschaftsd\u00fcngern. Hiermit ist eine schnelle Erfassung aller Zu- und Abg\u00e4nge \u00fcber eine einheitliche Oberfl\u00e4che gew\u00e4hrleistet.<\/p><p>Eine umfassende Formular\u00fcbersicht sowie eine bequeme Sortierfunktion und Archivierung Ihrer Meldungen wird \u00fcber BOGIS durchgef\u00fchrt. Als Ergebnis erstellt BOGIS eine elektronische CSV-Datei, die bei Bedarf im Anschluss mit Ihrer Betriebsnummer an die jeweils zust\u00e4ndige Landwirtschaftskammer \u00fcbertragen wird.<br \/>Alle archivierten Meldungen (Formulare) k\u00f6nnen leicht gedruckt und in Papierform abgelegt werden.<\/p>\t\t\t\t\t\t\t\t<\/div>\n\t\t\t\t<\/div>\n\t\t\t\t\t<\/div>\n\t\t<\/div>\n\t\t\t\t<div class=\"elementor-column elementor-col-50 elementor-top-column elementor-element elementor-element-bde27e7\" data-id=\"bde27e7\" data-element_type=\"column\" data-e-type=\"column\">\n\t\t\t<div class=\"elementor-widget-wrap elementor-element-populated\">\n\t\t\t\t\t\t<div class=\"elementor-element elementor-element-a669a26 elementor-widget elementor-widget-sina_pricing\" data-id=\"a669a26\" data-element_type=\"widget\" data-e-type=\"widget\" data-widget_type=\"sina_pricing.default\">\n\t\t\t\t<div class=\"elementor-widget-container\">\n\t\t\t\t\t\t\t<div class=\"sina-pricing sina-pricing-zoom \">\r\n\t\t\t\r\n\t\t\t\r\n\t\t\t\t\t\t\t<h3 class=\"sina-pricing-title\">Kostenlos<\/h3>\t\t\t\r\n\t\t\t\r\n\t\t\t\r\n\t\t\t\t\t\t\t<h4 class=\"sina-price-tag\">\r\n\t\t\t\t    <span class=\"sina-price-prefix\"><\/span><span>0,00 \u20ac<\/span><span class=\"sina-price-suffix\"><\/span>\r\n\t\t\t\t<\/h4>\r\n\t\t\t\r\n\t\t\t\r\n\t\t\t<ul class=\"sina-pricing-body\">\r\n\t\t\t\t\t\t\t\t\t<li class=\"elementor-repeater-item-fa87a6d\">\r\n\t\t\t\t\t\t\t\t\t\t\t\t\t<i class=\"icofont icofont-ui-check sina-icon-left\"><\/i>\r\n\t\t\t\t\t\t\t\t\t\t\t\tZu-\/Abg\u00e4nge erfassen\t\t\t\t\t\t\t\t\t\t\t<\/li>\r\n\t\t\t\t\t\t\t\t\t<li class=\"elementor-repeater-item-c2c3ce1\">\r\n\t\t\t\t\t\t\t\t\t\t\t\t\t<i class=\"icofont icofont-ui-check sina-icon-left\"><\/i>\r\n\t\t\t\t\t\t\t\t\t\t\t\tFormular\u00fcbersicht\t\t\t\t\t\t\t\t\t\t\t<\/li>\r\n\t\t\t\t\t\t\t\t\t<li class=\"elementor-repeater-item-d3f579d\">\r\n\t\t\t\t\t\t\t\t\t\t\t\t\t<i class=\"icofont icofont-ui-check sina-icon-left\"><\/i>\r\n\t\t\t\t\t\t\t\t\t\t\t\tBetriebsadressen\t\t\t\t\t\t\t\t\t\t\t<\/li>\r\n\t\t\t\t\t\t\t\t\t<li class=\"elementor-repeater-item-ea4995f\">\r\n\t\t\t\t\t\t\t\t\t\t\t\t\t<i class=\"icofont icofont-ui-check sina-icon-left\"><\/i>\r\n\t\t\t\t\t\t\t\t\t\t\t\tPDF-\/Excellisten\t\t\t\t\t\t\t\t\t\t\t<\/li>\r\n\t\t\t\t\t\t\t\t\t<li class=\"elementor-repeater-item-93162b3\">\r\n\t\t\t\t\t\t\t\t\t\t\t\t\t<i class=\"icofont icofont-ui-check sina-icon-left\"><\/i>\r\n\t\t\t\t\t\t\t\t\t\t\t\tFAQ\t\t\t\t\t\t\t\t\t\t\t<\/li>\r\n\t\t\t\t\t\t\t<\/ul>\r\n\r\n\t\t\t\t\t\t\t<div class=\"sina-pricing-btn\">\r\n\t\t\t\t\t<a class=\"sina-order-btn  \"\r\n\t\t\t\t\thref=\"https:\/\/portal.biogas-bogis.de\/bis\/modul.anmeldung\"\r\n\t\t\t\t\t\t\t\t\t\t>\r\n\t\t\t\t\t\t\t\tZur Anmeldung\t\t\t\t\t\t\t<\/a>\r\n\t\t\t\t<\/div>\r\n\t\t\t\t\t<\/div><!-- .sina-pricing -->\r\n\t\t\t\t\t\t<\/div>\n\t\t\t\t<\/div>\n\t\t\t\t\t<\/div>\n\t\t<\/div>\n\t\t\t\t\t<\/div>\n\t\t<\/section>\n\t\t\t\t<section class=\"elementor-section elementor-top-section elementor-element elementor-element-3d4353e elementor-section-boxed elementor-section-height-default elementor-section-height-default\" data-id=\"3d4353e\" data-element_type=\"section\" data-e-type=\"section\">\n\t\t\t\t\t\t<div class=\"elementor-container elementor-column-gap-default\">\n\t\t\t\t\t<div class=\"elementor-column elementor-col-100 elementor-top-column elementor-element elementor-element-b724387\" data-id=\"b724387\" data-element_type=\"column\" data-e-type=\"column\">\n\t\t\t<div class=\"elementor-widget-wrap elementor-element-populated\">\n\t\t\t\t\t\t<div class=\"elementor-element elementor-element-0273131 elementor-widget elementor-widget-spacer\" data-id=\"0273131\" data-element_type=\"widget\" data-e-type=\"widget\" data-widget_type=\"spacer.default\">\n\t\t\t\t<div class=\"elementor-widget-container\">\n\t\t\t\t\t\t\t<div class=\"elementor-spacer\">\n\t\t\t<div class=\"elementor-spacer-inner\"><\/div>\n\t\t<\/div>\n\t\t\t\t\t\t<\/div>\n\t\t\t\t<\/div>\n\t\t\t\t\t<\/div>\n\t\t<\/div>\n\t\t\t\t\t<\/div>\n\t\t<\/section>\n\t\t\t\t<\/div>\n\t\t","protected":false},"excerpt":{"rendered":"<p>Meldewesen Das Modul Meldewesen unterst\u00fctzt Sie bei der Dokumentations- und Mitteilungspflicht bei der Abgabe, Bef\u00f6rderung oder Aufnahme von Wirtschaftsd\u00fcngern. Hiermit ist eine schnelle Erfassung aller Zu- und Abg\u00e4nge \u00fcber eine einheitliche Oberfl\u00e4che gew\u00e4hrleistet. Eine umfassende Formular\u00fcbersicht sowie eine bequeme Sortierfunktion und Archivierung Ihrer Meldungen wird \u00fcber BOGIS durchgef\u00fchrt. Als Ergebnis erstellt BOGIS eine elektronische CSV-Datei, [&hellip;]<\/p>\n","protected":false},"author":6,"featured_media":0,"parent":0,"menu_order":0,"comment_status":"closed","ping_status":"closed","template":"","meta":{"site-sidebar-layout":"no-sidebar","site-content-layout":"page-builder","ast-site-content-layout":"default","site-content-style":"default","site-sidebar-style":"default","ast-global-header-display":"","ast-banner-title-visibility":"","ast-main-header-display":"","ast-hfb-above-header-display":"","ast-hfb-below-header-display":"","ast-hfb-mobile-header-display":"","site-post-title":"disabled","ast-breadcrumbs-content":"","ast-featured-img":"disabled","footer-sml-layout":"","ast-disable-related-posts":"","theme-transparent-header-meta":"default","adv-header-id-meta":"","stick-header-meta":"","header-above-stick-meta":"","header-main-stick-meta":"","header-below-stick-meta":"","astra-migrate-meta-layouts":"default","ast-page-background-enabled":"default","ast-page-background-meta":{"desktop":{"background-color":"","background-image":"","background-repeat":"repeat","background-position":"center center","background-size":"auto","background-attachment":"scroll","background-type":"","background-media":"","overlay-type":"","overlay-color":"","overlay-opacity":"","overlay-gradient":""},"tablet":{"background-color":"","background-image":"","background-repeat":"repeat","background-position":"center center","background-size":"auto","background-attachment":"scroll","background-type":"","background-media":"","overlay-type":"","overlay-color":"","overlay-opacity":"","overlay-gradient":""},"mobile":{"background-color":"","background-image":"","background-repeat":"repeat","background-position":"center center","background-size":"auto","background-attachment":"scroll","background-type":"","background-media":"","overlay-type":"","overlay-color":"","overlay-opacity":"","overlay-gradient":""}},"ast-content-background-meta":{"desktop":{"background-color":"var(--ast-global-color-5)","background-image":"","background-repeat":"repeat","background-position":"center center","background-size":"auto","background-attachment":"scroll","background-type":"","background-media":"","overlay-type":"","overlay-color":"","overlay-opacity":"","overlay-gradient":""},"tablet":{"background-color":"var(--ast-global-color-5)","background-image":"","background-repeat":"repeat","background-position":"center center","background-size":"auto","background-attachment":"scroll","background-type":"","background-media":"","overlay-type":"","overlay-color":"","overlay-opacity":"","overlay-gradient":""},"mobile":{"background-color":"var(--ast-global-color-5)","background-image":"","background-repeat":"repeat","background-position":"center center","background-size":"auto","background-attachment":"scroll","background-type":"","background-media":"","overlay-type":"","overlay-color":"","overlay-opacity":"","overlay-gradient":""}},"footnotes":""},"class_list":["post-816","page","type-page","status-publish","hentry"],"_links":{"self":[{"href":"https:\/\/www.biogas-bogis.de\/cms\/index.php?rest_route=\/wp\/v2\/pages\/816","targetHints":{"allow":["GET"]}}],"collection":[{"href":"https:\/\/www.biogas-bogis.de\/cms\/index.php?rest_route=\/wp\/v2\/pages"}],"about":[{"href":"https:\/\/www.biogas-bogis.de\/cms\/index.php?rest_route=\/wp\/v2\/types\/page"}],"author":[{"embeddable":true,"href":"https:\/\/www.biogas-bogis.de\/cms\/index.php?rest_route=\/wp\/v2\/users\/6"}],"replies":[{"embeddable":true,"href":"https:\/\/www.biogas-bogis.de\/cms\/index.php?rest_route=%2Fwp%2Fv2%2Fcomments&post=816"}],"version-history":[{"count":13,"href":"https:\/\/www.biogas-bogis.de\/cms\/index.php?rest_route=\/wp\/v2\/pages\/816\/revisions"}],"predecessor-version":[{"id":851,"href":"https:\/\/www.biogas-bogis.de\/cms\/index.php?rest_route=\/wp\/v2\/pages\/816\/revisions\/851"}],"wp:attachment":[{"href":"https:\/\/www.biogas-bogis.de\/cms\/index.php?rest_route=%2Fwp%2Fv2%2Fmedia&parent=816"}],"curies":[{"name":"wp","href":"https:\/\/api.w.org\/{rel}","templated":true}]}}